{"id":440,"date":"2023-09-07T09:40:03","date_gmt":"2023-09-07T09:40:03","guid":{"rendered":"https:\/\/hotellerv6-5.themegoods.com\/lifestyle\/?page_id=440"},"modified":"2026-03-24T12:28:19","modified_gmt":"2026-03-24T11:28:19","slug":"book-now","status":"publish","type":"page","link":"https:\/\/velabarocca.it\/en\/book-now\/","title":{"rendered":"Book now"},"content":{"rendered":"<div data-elementor-type=\"wp-page\" data-elementor-id=\"440\" class=\"elementor elementor-440\" data-elementor-post-type=\"page\">\n\t\t\t\t<div class=\"elementor-element elementor-element-d8d9e25 e-flex e-con-boxed e-con e-parent\" data-id=\"d8d9e25\" data-element_type=\"container\" data-e-type=\"container\" data-settings=\"{&quot;hoteller_ext_is_background_parallax&quot;:&quot;false&quot;,&quot;hoteller_ext_is_background_backdrop&quot;:&quot;false&quot;,&quot;hoteller_ext_is_background_on_scroll&quot;:&quot;false&quot;,&quot;hoteller_ext_link_sidemenu&quot;:&quot;false&quot;,&quot;hoteller_ext_link_fullmenu&quot;:&quot;false&quot;,&quot;hoteller_ext_link_closed_fullmenu&quot;:&quot;false&quot;,&quot;hoteller_ext_is_scrollme&quot;:&quot;false&quot;,&quot;hoteller_ext_is_smoove&quot;:&quot;false&quot;,&quot;hoteller_ext_is_parallax_mouse&quot;:&quot;false&quot;,&quot;hoteller_ext_is_infinite&quot;:&quot;false&quot;,&quot;hoteller_ext_is_fadeout_animation&quot;:&quot;false&quot;,&quot;hoteller_ext_mobile_static&quot;:&quot;false&quot;}\">\n\t\t\t\t\t<div class=\"e-con-inner\">\n\t\t\t\t<div class=\"elementor-element elementor-element-565f5ed elementor-widget elementor-widget-heading\" data-id=\"565f5ed\" data-element_type=\"widget\" data-e-type=\"widget\" data-settings=\"{&quot;hoteller_ext_link_sidemenu&quot;:&quot;false&quot;,&quot;hoteller_ext_link_fullmenu&quot;:&quot;false&quot;,&quot;hoteller_ext_link_closed_fullmenu&quot;:&quot;false&quot;,&quot;hoteller_ext_is_scrollme&quot;:&quot;false&quot;,&quot;hoteller_ext_is_smoove&quot;:&quot;false&quot;,&quot;hoteller_ext_is_parallax_mouse&quot;:&quot;false&quot;,&quot;hoteller_ext_is_infinite&quot;:&quot;false&quot;,&quot;hoteller_ext_is_fadeout_animation&quot;:&quot;false&quot;,&quot;hoteller_ext_mobile_static&quot;:&quot;false&quot;}\" data-widget_type=\"heading.default\">\n\t\t\t\t<div class=\"elementor-widget-container\">\n\t\t\t\t\t<h2 class=\"elementor-heading-title elementor-size-default\">GET A PERSONALIZED QUOTE<\/h2>\t\t\t\t<\/div>\n\t\t\t\t<\/div>\n\t\t\t\t<div class=\"elementor-element elementor-element-f340c37 elementor-widget elementor-widget-heading\" data-id=\"f340c37\" data-element_type=\"widget\" data-e-type=\"widget\" data-settings=\"{&quot;hoteller_ext_link_sidemenu&quot;:&quot;false&quot;,&quot;hoteller_ext_link_fullmenu&quot;:&quot;false&quot;,&quot;hoteller_ext_link_closed_fullmenu&quot;:&quot;false&quot;,&quot;hoteller_ext_is_scrollme&quot;:&quot;false&quot;,&quot;hoteller_ext_is_smoove&quot;:&quot;false&quot;,&quot;hoteller_ext_is_parallax_mouse&quot;:&quot;false&quot;,&quot;hoteller_ext_is_infinite&quot;:&quot;false&quot;,&quot;hoteller_ext_is_fadeout_animation&quot;:&quot;false&quot;,&quot;hoteller_ext_mobile_static&quot;:&quot;false&quot;}\" data-widget_type=\"heading.default\">\n\t\t\t\t<div class=\"elementor-widget-container\">\n\t\t\t\t\t<h2 class=\"elementor-heading-title elementor-size-default\">By booking directly with us, we always guarantee the best rate, free from the commissions of online booking portals.<\/h2>\t\t\t\t<\/div>\n\t\t\t\t<\/div>\n\t\t\t\t<div class=\"elementor-element elementor-element-4066982 elementor-widget-divider--view-line elementor-widget elementor-widget-divider\" data-id=\"4066982\" data-element_type=\"widget\" data-e-type=\"widget\" data-settings=\"{&quot;hoteller_ext_link_sidemenu&quot;:&quot;false&quot;,&quot;hoteller_ext_link_fullmenu&quot;:&quot;false&quot;,&quot;hoteller_ext_link_closed_fullmenu&quot;:&quot;false&quot;,&quot;hoteller_ext_is_scrollme&quot;:&quot;false&quot;,&quot;hoteller_ext_is_smoove&quot;:&quot;false&quot;,&quot;hoteller_ext_is_parallax_mouse&quot;:&quot;false&quot;,&quot;hoteller_ext_is_infinite&quot;:&quot;false&quot;,&quot;hoteller_ext_is_fadeout_animation&quot;:&quot;false&quot;,&quot;hoteller_ext_mobile_static&quot;:&quot;false&quot;}\" data-widget_type=\"divider.default\">\n\t\t\t\t<div class=\"elementor-widget-container\">\n\t\t\t\t\t\t\t<div class=\"elementor-divider\">\n\t\t\t<span class=\"elementor-divider-separator\">\n\t\t\t\t\t\t<\/span>\n\t\t<\/div>\n\t\t\t\t\t\t<\/div>\n\t\t\t\t<\/div>\n\t\t\t\t<div class=\"elementor-element elementor-element-1838335 elementor-widget elementor-widget-heading\" data-id=\"1838335\" data-element_type=\"widget\" data-e-type=\"widget\" data-settings=\"{&quot;hoteller_ext_link_sidemenu&quot;:&quot;false&quot;,&quot;hoteller_ext_link_fullmenu&quot;:&quot;false&quot;,&quot;hoteller_ext_link_closed_fullmenu&quot;:&quot;false&quot;,&quot;hoteller_ext_is_scrollme&quot;:&quot;false&quot;,&quot;hoteller_ext_is_smoove&quot;:&quot;false&quot;,&quot;hoteller_ext_is_parallax_mouse&quot;:&quot;false&quot;,&quot;hoteller_ext_is_infinite&quot;:&quot;false&quot;,&quot;hoteller_ext_is_fadeout_animation&quot;:&quot;false&quot;,&quot;hoteller_ext_mobile_static&quot;:&quot;false&quot;}\" data-widget_type=\"heading.default\">\n\t\t\t\t<div class=\"elementor-widget-container\">\n\t\t\t\t\t<h2 class=\"elementor-heading-title elementor-size-default\">CLICK HERE TO CONTACT US<\/h2>\t\t\t\t<\/div>\n\t\t\t\t<\/div>\n\t\t\t\t<div class=\"elementor-element elementor-element-111c6e0 elementor-shape-circle elementor-grid-0 e-grid-align-center elementor-widget elementor-widget-social-icons\" data-id=\"111c6e0\" data-element_type=\"widget\" data-e-type=\"widget\" data-settings=\"{&quot;hoteller_ext_link_sidemenu&quot;:&quot;false&quot;,&quot;hoteller_ext_link_fullmenu&quot;:&quot;false&quot;,&quot;hoteller_ext_link_closed_fullmenu&quot;:&quot;false&quot;,&quot;hoteller_ext_is_scrollme&quot;:&quot;false&quot;,&quot;hoteller_ext_is_smoove&quot;:&quot;false&quot;,&quot;hoteller_ext_is_parallax_mouse&quot;:&quot;false&quot;,&quot;hoteller_ext_is_infinite&quot;:&quot;false&quot;,&quot;hoteller_ext_is_fadeout_animation&quot;:&quot;false&quot;,&quot;hoteller_ext_mobile_static&quot;:&quot;false&quot;}\" data-widget_type=\"social-icons.default\">\n\t\t\t\t<div class=\"elementor-widget-container\">\n\t\t\t\t\t\t\t<div class=\"elementor-social-icons-wrapper elementor-grid\" role=\"list\">\n\t\t\t\t\t\t\t<span class=\"elementor-grid-item\" role=\"listitem\">\n\t\t\t\t\t<a class=\"elementor-icon elementor-social-icon elementor-social-icon-whatsapp elementor-repeater-item-d0f1a96\" href=\"https:\/\/wa.me\/message\/EEB35RT4ESG4O1\" target=\"_blank\">\n\t\t\t\t\t\t<span class=\"elementor-screen-only\">Whatsapp<\/span>\n\t\t\t\t\t\t<svg aria-hidden=\"true\" class=\"e-font-icon-svg e-fab-whatsapp\" viewbox=\"0 0 448 512\" xmlns=\"http:\/\/www.w3.org\/2000\/svg\"><path d=\"M380.9 97.1C339 55.1 283.2 32 223.9 32c-122.4 0-222 99.6-222 222 0 39.1 10.2 77.3 29.6 111L0 480l117.7-30.9c32.4 17.7 68.9 27 106.1 27h.1c122.3 0 224.1-99.6 224.1-222 0-59.3-25.2-115-67.1-157zm-157 341.6c-33.2 0-65.7-8.9-94-25.7l-6.7-4-69.8 18.3L72 359.2l-4.4-7c-18.5-29.4-28.2-63.3-28.2-98.2 0-101.7 82.8-184.5 184.6-184.5 49.3 0 95.6 19.2 130.4 54.1 34.8 34.9 56.2 81.2 56.1 130.5 0 101.8-84.9 184.6-186.6 184.6zm101.2-138.2c-5.5-2.8-32.8-16.2-37.9-18-5.1-1.9-8.8-2.8-12.5 2.8-3.7 5.6-14.3 18-17.6 21.8-3.2 3.7-6.5 4.2-12 1.4-32.6-16.3-54-29.1-75.5-66-5.7-9.8 5.7-9.1 16.3-30.3 1.8-3.7.9-6.9-.5-9.7-1.4-2.8-12.5-30.1-17.1-41.2-4.5-10.8-9.1-9.3-12.5-9.5-3.2-.2-6.9-.2-10.6-.2-3.7 0-9.7 1.4-14.8 6.9-5.1 5.6-19.4 19-19.4 46.3 0 27.3 19.9 53.7 22.6 57.4 2.8 3.7 39.1 59.7 94.8 83.8 35.2 15.2 49 16.5 66.6 13.9 10.7-1.6 32.8-13.4 37.4-26.4 4.6-13 4.6-24.1 3.2-26.4-1.3-2.5-5-3.9-10.5-6.6z\"><\/path><\/svg>\t\t\t\t\t<\/a>\n\t\t\t\t<\/span>\n\t\t\t\t\t\t\t<span class=\"elementor-grid-item\" role=\"listitem\">\n\t\t\t\t\t<a class=\"elementor-icon elementor-social-icon elementor-social-icon-phone-alt elementor-repeater-item-89fd1c3\" href=\"tel:+393510159482\" target=\"_blank\">\n\t\t\t\t\t\t<span class=\"elementor-screen-only\">Phone-alt<\/span>\n\t\t\t\t\t\t<svg aria-hidden=\"true\" class=\"e-font-icon-svg e-fas-phone-alt\" viewbox=\"0 0 512 512\" xmlns=\"http:\/\/www.w3.org\/2000\/svg\"><path d=\"M497.39 361.8l-112-48a24 24 0 0 0-28 6.9l-49.6 60.6A370.66 370.66 0 0 1 130.6 204.11l60.6-49.6a23.94 23.94 0 0 0 6.9-28l-48-112A24.16 24.16 0 0 0 122.6.61l-104 24A24 24 0 0 0 0 48c0 256.5 207.9 464 464 464a24 24 0 0 0 23.4-18.6l24-104a24.29 24.29 0 0 0-14.01-27.6z\"><\/path><\/svg>\t\t\t\t\t<\/a>\n\t\t\t\t<\/span>\n\t\t\t\t\t<\/div>\n\t\t\t\t\t\t<\/div>\n\t\t\t\t<\/div>\n\t\t\t\t\t<\/div>\n\t\t\t\t<\/div>\n\t\t<div class=\"elementor-element elementor-element-98a7c90 e-flex e-con-boxed e-con e-parent\" data-id=\"98a7c90\" data-element_type=\"container\" data-e-type=\"container\" data-settings=\"{&quot;hoteller_ext_is_background_parallax&quot;:&quot;false&quot;,&quot;hoteller_ext_is_background_backdrop&quot;:&quot;false&quot;,&quot;hoteller_ext_is_background_on_scroll&quot;:&quot;false&quot;,&quot;hoteller_ext_link_sidemenu&quot;:&quot;false&quot;,&quot;hoteller_ext_link_fullmenu&quot;:&quot;false&quot;,&quot;hoteller_ext_link_closed_fullmenu&quot;:&quot;false&quot;,&quot;hoteller_ext_is_scrollme&quot;:&quot;false&quot;,&quot;hoteller_ext_is_smoove&quot;:&quot;false&quot;,&quot;hoteller_ext_is_parallax_mouse&quot;:&quot;false&quot;,&quot;hoteller_ext_is_infinite&quot;:&quot;false&quot;,&quot;hoteller_ext_is_fadeout_animation&quot;:&quot;false&quot;,&quot;hoteller_ext_mobile_static&quot;:&quot;false&quot;}\">\n\t\t\t\t\t<div class=\"e-con-inner\">\n\t\t\t\t<div class=\"elementor-element elementor-element-0857fce elementor-widget elementor-widget-hoteller-contact-form\" data-id=\"0857fce\" data-element_type=\"widget\" data-e-type=\"widget\" data-settings=\"{&quot;hoteller_ext_link_sidemenu&quot;:&quot;false&quot;,&quot;hoteller_ext_link_fullmenu&quot;:&quot;false&quot;,&quot;hoteller_ext_link_closed_fullmenu&quot;:&quot;false&quot;,&quot;hoteller_ext_is_scrollme&quot;:&quot;false&quot;,&quot;hoteller_ext_is_smoove&quot;:&quot;false&quot;,&quot;hoteller_ext_is_parallax_mouse&quot;:&quot;false&quot;,&quot;hoteller_ext_is_infinite&quot;:&quot;false&quot;,&quot;hoteller_ext_is_fadeout_animation&quot;:&quot;false&quot;,&quot;hoteller_ext_mobile_static&quot;:&quot;false&quot;}\" data-widget_type=\"hoteller-contact-form.default\">\n\t\t\t\t<div class=\"elementor-widget-container\">\n\t\t\t\t\t<div class=\"hoteller-contact-form-content-wrapper fullwidth\">\n\t\n<div class=\"wpcf7 no-js\" id=\"wpcf7-f2305-o1\" lang=\"en-US\" dir=\"ltr\" data-wpcf7-id=\"2305\">\n<div class=\"screen-reader-response\"><p role=\"status\" aria-live=\"polite\" aria-atomic=\"true\"><\/p> <ul><\/ul><\/div>\n<form action=\"\/en\/wp-json\/wp\/v2\/pages\/440#wpcf7-f2305-o1\" method=\"post\" class=\"wpcf7-form init\" aria-label=\"Contact form\" novalidate=\"novalidate\" data-status=\"init\" data-trp-original-action=\"\/en\/wp-json\/wp\/v2\/pages\/440#wpcf7-f2305-o1\">\n<fieldset class=\"hidden-fields-container\"><input type=\"hidden\" name=\"_wpcf7\" value=\"2305\" \/><input type=\"hidden\" name=\"_wpcf7_version\" value=\"6.1.5\" \/><input type=\"hidden\" name=\"_wpcf7_locale\" value=\"en_US\" \/><input type=\"hidden\" name=\"_wpcf7_unit_tag\" value=\"wpcf7-f2305-o1\" \/><input type=\"hidden\" name=\"_wpcf7_container_post\" value=\"0\" \/><input type=\"hidden\" name=\"_wpcf7_posted_data_hash\" value=\"\" \/>\n<\/fieldset>\n<div class=\"modulo-preventivo-bello\">\n\t<h2 class=\"qodef-e-title\"><br \/>\n<span class=\"icon-basic-mail-open-text qodef-e-icon\"><\/span>Or, fill out the form below!\n\t<\/h2>\n\t<p class=\"qodef-e-text\">Fill out the form below to receive our best custom offer for your stay.\n\t<\/p>\n\t<div class=\"riga-campi\">\n\t\t<div class=\"colonna-campo\">\n\t\t\t<p><span class=\"wpcf7-form-control-wrap\" data-name=\"your-name\"><input size=\"40\" maxlength=\"400\" class=\"wpcf7-form-control wpcf7-text wpcf7-validates-as-required\" aria-required=\"true\" aria-invalid=\"false\" placeholder=\"Name and surname\" value=\"\" type=\"text\" name=\"your-name\" \/><\/span>\n\t\t\t<\/p>\n\t\t<\/div>\n\t\t<div class=\"colonna-campo\">\n\t\t\t<p><span class=\"wpcf7-form-control-wrap\" data-name=\"your-email\"><input size=\"40\" maxlength=\"400\" class=\"wpcf7-form-control wpcf7-email wpcf7-validates-as-required wpcf7-text wpcf7-validates-as-email\" aria-required=\"true\" aria-invalid=\"false\" placeholder=\"Email address\" value=\"\" type=\"email\" name=\"your-email\" \/><\/span>\n\t\t\t<\/p>\n\t\t<\/div>\n\t<\/div>\n\t<div class=\"riga-campi\">\n\t\t<div class=\"colonna-campo\">\n\t\t\t<p><span class=\"wpcf7-form-control-wrap\" data-name=\"your-phone\"><input size=\"40\" maxlength=\"400\" class=\"wpcf7-form-control wpcf7-tel wpcf7-validates-as-required wpcf7-text wpcf7-validates-as-tel\" aria-required=\"true\" aria-invalid=\"false\" placeholder=\"Mobile Number\" value=\"\" type=\"tel\" name=\"your-phone\" \/><\/span>\n\t\t\t<\/p>\n\t\t<\/div>\n\t\t<div class=\"colonna-campo\">\n\t\t\t<p><span class=\"wpcf7-form-control-wrap\" data-name=\"your-guests\"><input size=\"40\" maxlength=\"400\" class=\"wpcf7-form-control wpcf7-text wpcf7-validates-as-required\" aria-required=\"true\" aria-invalid=\"false\" placeholder=\"Number of guests (e.g., 2 adults)\" value=\"\" type=\"text\" name=\"your-guests\" \/><\/span>\n\t\t\t<\/p>\n\t\t<\/div>\n\t<\/div>\n\t<div class=\"riga-singola\">\n\t\t<p><span class=\"wpcf7-form-control-wrap\" data-name=\"your-dates\"><input size=\"40\" maxlength=\"400\" class=\"wpcf7-form-control wpcf7-text wpcf7-validates-as-required\" aria-required=\"true\" aria-invalid=\"false\" placeholder=\"Stay dates (e.g., August 10-15)\" value=\"\" type=\"text\" name=\"your-dates\" \/><\/span>\n\t\t<\/p>\n\t<\/div>\n\t<div class=\"accettazione-privacy\">\n\t\t<p><span class=\"wpcf7-form-control-wrap\" data-name=\"accetto-privacy\"><span class=\"wpcf7-form-control wpcf7-acceptance\"><span class=\"wpcf7-list-item\"><label><input type=\"checkbox\" name=\"accetto-privacy\" value=\"1\" aria-invalid=\"false\" \/><span class=\"wpcf7-list-item-label\">I declare that I have read and understood <a href=\"https:\/\/velabarocca.it\/en\/privacy-policy\/\" target=\"_blank\">Privacy Policy<\/a> and I consent to the processing of my personal data.*<\/span><\/label><\/span><\/span><\/span>\n\t\t<\/p>\n\t<\/div>\n\t<div class=\"pulsante-centrato\">\n\t\t<p><input class=\"wpcf7-form-control wpcf7-submit has-spinner\" type=\"submit\" value=\"Request a Quote\" \/>\n\t\t<\/p>\n\t<\/div>\n<\/div><div class=\"wpcf7-response-output\" aria-hidden=\"true\"><\/div>\n<input type=\"hidden\" name=\"trp-form-language\" value=\"en\"\/><\/form>\n<\/div>\n<\/div>\t\t\t\t<\/div>\n\t\t\t\t<\/div>\n\t\t\t\t\t<\/div>\n\t\t\t\t<\/div>\n\t\t\t\t<\/div>","protected":false},"excerpt":{"rendered":"<p>RICEVI UN PREVENTIVO PERSONALIZZATO Prenotando direttamente con noi ti garantiamo sempre la tariffa migliore, senza le commissioni dei portali online. CLICCA QUI PER CONTATTARCI Whatsapp Phone-alt Compila il modulo per un Preventivo Compila il modulo qui sotto per ricevere la [&hellip;]<\/p>\n","protected":false},"author":1,"featured_media":0,"parent":0,"menu_order":0,"comment_status":"closed","ping_status":"closed","template":"elementor_header_footer","meta":{"footnotes":""},"class_list":["post-440","page","type-page","status-publish","hentry"],"yoast_head":"<!-- This site is optimized with the Yoast SEO Premium plugin v27.5 (Yoast SEO v27.5) - https:\/\/yoast.com\/product\/yoast-seo-premium-wordpress\/ -->\n<title>Prenota Ora - Vela Barocca<\/title>\n<meta name=\"robots\" content=\"index, follow, max-snippet:-1, max-image-preview:large, max-video-preview:-1\" \/>\n<link rel=\"canonical\" href=\"https:\/\/velabarocca.it\/en\/book-now\/\" \/>\n<meta property=\"og:locale\" content=\"en_US\" \/>\n<meta property=\"og:type\" content=\"article\" \/>\n<meta property=\"og:title\" content=\"Prenota Ora\" \/>\n<meta property=\"og:description\" content=\"RICEVI UN PREVENTIVO PERSONALIZZATO Prenotando direttamente con noi ti garantiamo sempre la tariffa migliore, senza le commissioni dei portali online. CLICCA QUI PER CONTATTARCI Whatsapp Phone-alt Compila il modulo per un Preventivo Compila il modulo qui sotto per ricevere la [&hellip;]\" \/>\n<meta property=\"og:url\" content=\"https:\/\/velabarocca.it\/en\/book-now\/\" \/>\n<meta property=\"og:site_name\" content=\"Vela Barocca\" \/>\n<meta property=\"article:publisher\" content=\"https:\/\/www.facebook.com\/profile.php?id=61556032606912\" \/>\n<meta property=\"article:modified_time\" content=\"2026-03-24T11:28:19+00:00\" \/>\n<meta property=\"og:image\" content=\"https:\/\/i0.wp.com\/velabarocca.it\/wp-content\/uploads\/2024\/04\/cropped-LOGO.png?fit=1024%2C1024&ssl=1\" \/>\n\t<meta property=\"og:image:width\" content=\"1024\" \/>\n\t<meta property=\"og:image:height\" content=\"1024\" \/>\n\t<meta property=\"og:image:type\" content=\"image\/png\" \/>\n<meta name=\"twitter:card\" content=\"summary_large_image\" \/>\n<meta name=\"twitter:label1\" content=\"Est. reading time\" \/>\n\t<meta name=\"twitter:data1\" content=\"1 minute\" \/>\n<script type=\"application\/ld+json\" class=\"yoast-schema-graph\">{\"@context\":\"https:\\\/\\\/schema.org\",\"@graph\":[{\"@type\":\"WebPage\",\"@id\":\"https:\\\/\\\/velabarocca.it\\\/book-now\\\/\",\"url\":\"https:\\\/\\\/velabarocca.it\\\/book-now\\\/\",\"name\":\"Prenota Ora - Vela Barocca\",\"isPartOf\":{\"@id\":\"https:\\\/\\\/velabarocca.it\\\/#website\"},\"datePublished\":\"2023-09-07T09:40:03+00:00\",\"dateModified\":\"2026-03-24T11:28:19+00:00\",\"breadcrumb\":{\"@id\":\"https:\\\/\\\/velabarocca.it\\\/book-now\\\/#breadcrumb\"},\"inLanguage\":\"en-US\",\"potentialAction\":[{\"@type\":\"ReadAction\",\"target\":[\"https:\\\/\\\/velabarocca.it\\\/book-now\\\/\"]}]},{\"@type\":\"BreadcrumbList\",\"@id\":\"https:\\\/\\\/velabarocca.it\\\/book-now\\\/#breadcrumb\",\"itemListElement\":[{\"@type\":\"ListItem\",\"position\":1,\"name\":\"Home\",\"item\":\"https:\\\/\\\/velabarocca.it\\\/\"},{\"@type\":\"ListItem\",\"position\":2,\"name\":\"Prenota Ora\"}]},{\"@type\":\"WebSite\",\"@id\":\"https:\\\/\\\/velabarocca.it\\\/#website\",\"url\":\"https:\\\/\\\/velabarocca.it\\\/\",\"name\":\"Vela Barocca\",\"description\":\"Casa Vacanze a Noto!\",\"publisher\":{\"@id\":\"https:\\\/\\\/velabarocca.it\\\/#organization\"},\"potentialAction\":[{\"@type\":\"SearchAction\",\"target\":{\"@type\":\"EntryPoint\",\"urlTemplate\":\"https:\\\/\\\/velabarocca.it\\\/?s={search_term_string}\"},\"query-input\":{\"@type\":\"PropertyValueSpecification\",\"valueRequired\":true,\"valueName\":\"search_term_string\"}}],\"inLanguage\":\"en-US\"},{\"@type\":\"Organization\",\"@id\":\"https:\\\/\\\/velabarocca.it\\\/#organization\",\"name\":\"Vela Barocca Casa Vacanze\",\"url\":\"https:\\\/\\\/velabarocca.it\\\/\",\"logo\":{\"@type\":\"ImageObject\",\"inLanguage\":\"en-US\",\"@id\":\"https:\\\/\\\/velabarocca.it\\\/#\\\/schema\\\/logo\\\/image\\\/\",\"url\":\"https:\\\/\\\/i0.wp.com\\\/velabarocca.it\\\/wp-content\\\/uploads\\\/2024\\\/04\\\/cropped-LOGO-NOTO-SITO.png?fit=776%2C776&ssl=1\",\"contentUrl\":\"https:\\\/\\\/i0.wp.com\\\/velabarocca.it\\\/wp-content\\\/uploads\\\/2024\\\/04\\\/cropped-LOGO-NOTO-SITO.png?fit=776%2C776&ssl=1\",\"width\":776,\"height\":776,\"caption\":\"Vela Barocca Casa Vacanze\"},\"image\":{\"@id\":\"https:\\\/\\\/velabarocca.it\\\/#\\\/schema\\\/logo\\\/image\\\/\"},\"sameAs\":[\"https:\\\/\\\/www.facebook.com\\\/profile.php?id=61556032606912\",\"https:\\\/\\\/www.instagram.com\\\/velabaroccanoto\\\/\"],\"description\":\"La nostra casa vacanze si trova nella splendida citt\u00e0 di Noto, patrimonio dell'UNESCO noto per il suo straordinario stile barocco. Posizionata idealmente per esplorare le ricchezze culturali e architettoniche della Sicilia, si trova a pochi passi dalla Villa Comunale e vicino alla fermata degli autobus, garantendo facile accesso per i vostri spostamenti. Offriamo un'esperienza di soggiorno autonoma con accesso remoto, permettendo libert\u00e0 e indipendenza ai nostri ospiti. La struttura dispone di due camere quadruple speculari, ciascuna con bagno privato, arredate con cura per combinare comfort moderni e design raffinato. La cucina \u00e8 completamente equipaggiata con elettrodomestici all'avanguardia, compresa una macchina del caff\u00e8 e una piastra per cucinare, ideale per preparare pasti in autonomia. Tra i servizi offerti ci sono l'aria condizionata, WiFi ad alta velocit\u00e0, TV, e la possibilit\u00e0 di usare comandi vocali tramite Alexa per una maggiore comodit\u00e0. La nostra offerta si arricchisce di una colazione self-service, per un risveglio dolce e piacevole ogni mattina.\",\"email\":\"velabarocca@gmail.com\",\"telephone\":\"3467321008\",\"legalName\":\"Vela Barocca\",\"publishingPrinciples\":\"https:\\\/\\\/velabarocca.it\\\/privacy-policy-cookie-policy\\\/\"}]}<\/script>\n<!-- \/ Yoast SEO Premium plugin. -->","yoast_head_json":{"title":"Book Now - Baroque Sailing","robots":{"index":"index","follow":"follow","max-snippet":"max-snippet:-1","max-image-preview":"max-image-preview:large","max-video-preview":"max-video-preview:-1"},"canonical":"https:\/\/velabarocca.it\/en\/book-now\/","og_locale":"en_US","og_type":"article","og_title":"Prenota Ora","og_description":"RICEVI UN PREVENTIVO PERSONALIZZATO Prenotando direttamente con noi ti garantiamo sempre la tariffa migliore, senza le commissioni dei portali online. CLICCA QUI PER CONTATTARCI Whatsapp Phone-alt Compila il modulo per un Preventivo Compila il modulo qui sotto per ricevere la [&hellip;]","og_url":"https:\/\/velabarocca.it\/en\/book-now\/","og_site_name":"Vela Barocca","article_publisher":"https:\/\/www.facebook.com\/profile.php?id=61556032606912","article_modified_time":"2026-03-24T11:28:19+00:00","og_image":[{"width":1024,"height":1024,"url":"https:\/\/i0.wp.com\/velabarocca.it\/wp-content\/uploads\/2024\/04\/cropped-LOGO.png?fit=1024%2C1024&ssl=1","type":"image\/png"}],"twitter_card":"summary_large_image","twitter_misc":{"Est. reading time":"1 minute"},"schema":{"@context":"https:\/\/schema.org","@graph":[{"@type":"WebPage","@id":"https:\/\/velabarocca.it\/book-now\/","url":"https:\/\/velabarocca.it\/book-now\/","name":"Book Now - Baroque Sailing","isPartOf":{"@id":"https:\/\/velabarocca.it\/#website"},"datePublished":"2023-09-07T09:40:03+00:00","dateModified":"2026-03-24T11:28:19+00:00","breadcrumb":{"@id":"https:\/\/velabarocca.it\/book-now\/#breadcrumb"},"inLanguage":"en-US","potentialAction":[{"@type":"ReadAction","target":["https:\/\/velabarocca.it\/book-now\/"]}]},{"@type":"BreadcrumbList","@id":"https:\/\/velabarocca.it\/book-now\/#breadcrumb","itemListElement":[{"@type":"ListItem","position":1,"name":"Home","item":"https:\/\/velabarocca.it\/"},{"@type":"ListItem","position":2,"name":"Prenota Ora"}]},{"@type":"WebSite","@id":"https:\/\/velabarocca.it\/#website","url":"https:\/\/velabarocca.it\/","name":"Vela Barocca","description":"Holiday Home in Noto!","publisher":{"@id":"https:\/\/velabarocca.it\/#organization"},"potentialAction":[{"@type":"SearchAction","target":{"@type":"EntryPoint","urlTemplate":"https:\/\/velabarocca.it\/?s={search_term_string}"},"query-input":{"@type":"PropertyValueSpecification","valueRequired":true,"valueName":"search_term_string"}}],"inLanguage":"en-US"},{"@type":"Organization","@id":"https:\/\/velabarocca.it\/#organization","name":"Baroque Sailing Holiday Home","url":"https:\/\/velabarocca.it\/","logo":{"@type":"ImageObject","inLanguage":"en-US","@id":"https:\/\/velabarocca.it\/#\/schema\/logo\/image\/","url":"https:\/\/i0.wp.com\/velabarocca.it\/wp-content\/uploads\/2024\/04\/cropped-LOGO-NOTO-SITO.png?fit=776%2C776&ssl=1","contentUrl":"https:\/\/i0.wp.com\/velabarocca.it\/wp-content\/uploads\/2024\/04\/cropped-LOGO-NOTO-SITO.png?fit=776%2C776&ssl=1","width":776,"height":776,"caption":"Vela Barocca Casa Vacanze"},"image":{"@id":"https:\/\/velabarocca.it\/#\/schema\/logo\/image\/"},"sameAs":["https:\/\/www.facebook.com\/profile.php?id=61556032606912","https:\/\/www.instagram.com\/velabaroccanoto\/"],"description":"Our holiday home is located in the beautiful city of Noto, a UNESCO heritage site known for its extraordinary baroque style. Ideally positioned to explore the cultural and architectural riches of Sicily, it is located a few steps from the Villa Comunale and close to the bus stop, ensuring easy access for your travels. We offer a self-contained stay experience with remote access, allowing freedom and independence for our guests. The property has two mirrored quadruple rooms, each with private bathroom, carefully furnished to combine modern comforts and refined design. The kitchen is fully equipped with state-of-the-art appliances, including a coffee machine and a cooking plate, ideal for preparing meals independently. Among the amenities offered are air conditioning, high-speed WiFi, TV, and the ability to use voice commands via Alexa for added convenience. Our offer is enriched with a self-service breakfast, for a sweet and pleasant awakening every morning.","email":"velabarocca@gmail.com","telephone":"3467321008","legalName":"Vela Barocca","publishingPrinciples":"https:\/\/velabarocca.it\/privacy-policy-cookie-policy\/"}]}},"jetpack_sharing_enabled":true,"_links":{"self":[{"href":"https:\/\/velabarocca.it\/en\/wp-json\/wp\/v2\/pages\/440","targetHints":{"allow":["GET"]}}],"collection":[{"href":"https:\/\/velabarocca.it\/en\/wp-json\/wp\/v2\/pages"}],"about":[{"href":"https:\/\/velabarocca.it\/en\/wp-json\/wp\/v2\/types\/page"}],"author":[{"embeddable":true,"href":"https:\/\/velabarocca.it\/en\/wp-json\/wp\/v2\/users\/1"}],"replies":[{"embeddable":true,"href":"https:\/\/velabarocca.it\/en\/wp-json\/wp\/v2\/comments?post=440"}],"version-history":[{"count":34,"href":"https:\/\/velabarocca.it\/en\/wp-json\/wp\/v2\/pages\/440\/revisions"}],"predecessor-version":[{"id":10157,"href":"https:\/\/velabarocca.it\/en\/wp-json\/wp\/v2\/pages\/440\/revisions\/10157"}],"wp:attachment":[{"href":"https:\/\/velabarocca.it\/en\/wp-json\/wp\/v2\/media?parent=440"}],"curies":[{"name":"wp","href":"https:\/\/api.w.org\/{rel}","templated":true}]}}