{"id":8917,"date":"2024-04-04T19:37:42","date_gmt":"2024-04-04T17:37:42","guid":{"rendered":"https:\/\/velabarocca.it\/hotel-term-condition\/"},"modified":"2026-04-01T11:57:57","modified_gmt":"2026-04-01T09:57:57","slug":"term-condition","status":"publish","type":"page","link":"https:\/\/velabarocca.it\/en\/term-condition\/","title":{"rendered":"Terms and Conditions"},"content":{"rendered":"<div data-elementor-type=\"wp-page\" data-elementor-id=\"8917\" class=\"elementor elementor-8917\" data-elementor-post-type=\"page\">\n\t\t\t\t<div class=\"elementor-element elementor-element-498dc0c0 e-flex e-con-boxed e-con e-parent\" data-id=\"498dc0c0\" data-element_type=\"container\" data-e-type=\"container\" data-settings=\"{&quot;hoteller_ext_is_background_parallax&quot;:&quot;false&quot;,&quot;hoteller_ext_is_background_backdrop&quot;:&quot;false&quot;,&quot;hoteller_ext_is_background_on_scroll&quot;:&quot;false&quot;,&quot;hoteller_ext_link_sidemenu&quot;:&quot;false&quot;,&quot;hoteller_ext_link_fullmenu&quot;:&quot;false&quot;,&quot;hoteller_ext_link_closed_fullmenu&quot;:&quot;false&quot;,&quot;hoteller_ext_is_scrollme&quot;:&quot;false&quot;,&quot;hoteller_ext_is_smoove&quot;:&quot;false&quot;,&quot;hoteller_ext_is_parallax_mouse&quot;:&quot;false&quot;,&quot;hoteller_ext_is_infinite&quot;:&quot;false&quot;,&quot;hoteller_ext_is_fadeout_animation&quot;:&quot;false&quot;,&quot;hoteller_ext_mobile_static&quot;:&quot;false&quot;}\">\n\t\t\t\t\t<div class=\"e-con-inner\">\n\t\t\t\t<div class=\"elementor-element elementor-element-3b6ebec elementor-widget elementor-widget-text-editor\" data-id=\"3b6ebec\" data-element_type=\"widget\" data-e-type=\"widget\" data-settings=\"{&quot;hoteller_ext_link_sidemenu&quot;:&quot;false&quot;,&quot;hoteller_ext_link_fullmenu&quot;:&quot;false&quot;,&quot;hoteller_ext_link_closed_fullmenu&quot;:&quot;false&quot;,&quot;hoteller_ext_is_scrollme&quot;:&quot;false&quot;,&quot;hoteller_ext_is_smoove&quot;:&quot;false&quot;,&quot;hoteller_ext_is_parallax_mouse&quot;:&quot;false&quot;,&quot;hoteller_ext_is_infinite&quot;:&quot;false&quot;,&quot;hoteller_ext_is_fadeout_animation&quot;:&quot;false&quot;,&quot;hoteller_ext_mobile_static&quot;:&quot;false&quot;}\" data-widget_type=\"text-editor.default\">\n\t\t\t\t<div class=\"elementor-widget-container\">\n\t\t\t\t\t\t\t\t\t<h3 class=\"\" data-start=\"174\" data-end=\"215\"><strong data-start=\"178\" data-end=\"215\">Terms and Conditions of Stay<\/strong><\/h3><p class=\"\" data-start=\"217\" data-end=\"388\"><strong data-start=\"217\" data-end=\"230\">Structure<\/strong>Vela Barocca - Holiday Home<br data-start=\"260\" data-end=\"263\" \/><strong data-start=\"263\" data-end=\"276\">Address<\/strong>: Via Giovanni Agnelli 9, Noto (SR) \u2013 96017<br data-start=\"319\" data-end=\"322\" \/><strong data-start=\"322\" data-end=\"331\">E-mail<\/strong>: <a class=\"cursor-pointer\" rel=\"noopener\" data-start=\"333\" data-end=\"354\">velabarocca@gmail.com<\/a><br data-start=\"354\" data-end=\"357\" \/><strong data-start=\"357\" data-end=\"369\">Telephone<\/strong>: +39 351 0159482<\/p><p class=\"\" data-start=\"390\" data-end=\"532\">By making a reservation at our property, the guest declares that he\/she has read, understood and accepted these Terms and Conditions.<\/p><hr class=\"\" data-start=\"534\" data-end=\"537\" \/><h3 class=\"\" data-start=\"539\" data-end=\"574\"><strong data-start=\"543\" data-end=\"574\">1. Booking and Payment<\/strong><\/h3><ul data-start=\"576\" data-end=\"1048\"><li class=\"\" data-start=\"576\" data-end=\"675\"><p class=\"\" data-start=\"578\" data-end=\"675\">Reservations can be made online on the official website, by email or by phone.<\/p><\/li><li class=\"\" data-start=\"676\" data-end=\"766\"><p class=\"\" data-start=\"678\" data-end=\"766\">To confirm the reservation, payment is required <strong data-start=\"738\" data-end=\"765\">50% of the total amount<\/strong>.<\/p><\/li><li class=\"\" data-start=\"767\" data-end=\"840\"><p class=\"\" data-start=\"769\" data-end=\"840\">The <strong data-start=\"772\" data-end=\"781\">balance<\/strong> must be paid by <strong data-start=\"808\" data-end=\"839\">15 days before arrival<\/strong>.<\/p><\/li><li class=\"\" data-start=\"841\" data-end=\"947\"><p class=\"\" data-start=\"843\" data-end=\"947\">Payments are accepted by credit card, bank transfer or other methods indicated on the site.<\/p><\/li><li class=\"\" data-start=\"948\" data-end=\"1048\"><p class=\"\" data-start=\"950\" data-end=\"1048\">The reservation is confirmed only upon receipt of the deposit and the relevant confirmation by email.<\/p><\/li><\/ul><hr class=\"\" data-start=\"1050\" data-end=\"1053\" \/><h3 class=\"\" data-start=\"1055\" data-end=\"1091\"><strong data-start=\"1059\" data-end=\"1091\">2. Cancellation Policy<\/strong><\/h3><ul data-start=\"1093\" data-end=\"1368\"><li class=\"\" data-start=\"1093\" data-end=\"1188\"><p class=\"\" data-start=\"1095\" data-end=\"1188\"><strong data-start=\"1095\" data-end=\"1148\">Cancellation at least 14 days before check-in<\/strong>: 100% refund of the amount paid.<\/p><\/li><li class=\"\" data-start=\"1189\" data-end=\"1284\"><p class=\"\" data-start=\"1191\" data-end=\"1284\"><strong data-start=\"1191\" data-end=\"1245\">Cancellation between 7 and 14 days before check-in<\/strong>: 50% refund of the amount paid.<\/p><\/li><li class=\"\" data-start=\"1285\" data-end=\"1368\"><p class=\"\" data-start=\"1287\" data-end=\"1368\"><strong data-start=\"1287\" data-end=\"1350\">Cancellation within 7 days prior to check-in or no-show<\/strong>: no refunds.<\/p><\/li><\/ul><hr class=\"\" data-start=\"1370\" data-end=\"1373\" \/><h3 class=\"\" data-start=\"1375\" data-end=\"1406\"><strong data-start=\"1379\" data-end=\"1406\">3. Check-in and Check-out<\/strong><\/h3><ul data-start=\"1408\" data-end=\"1721\"><li class=\"\" data-start=\"1408\" data-end=\"1503\"><p class=\"\" data-start=\"1410\" data-end=\"1503\"><strong data-start=\"1410\" data-end=\"1422\">Check in<\/strong>: from 3:00 pm. For arrivals after 8:00 pm, advance notice is required.<\/p><\/li><li class=\"\" data-start=\"1504\" data-end=\"1620\"><p class=\"\" data-start=\"1506\" data-end=\"1620\"><strong data-start=\"1506\" data-end=\"1519\">Check out<\/strong>: by 10:00 am. Late check-out is subject to availability and may incur additional charges.<\/p><\/li><li class=\"\" data-start=\"1621\" data-end=\"1721\"><p class=\"\" data-start=\"1623\" data-end=\"1721\">At check-in, a valid identity document is required for each guest.<\/p><\/li><\/ul><hr class=\"\" data-start=\"1723\" data-end=\"1726\" \/><h3 class=\"\" data-start=\"1728\" data-end=\"1757\"><strong data-start=\"1732\" data-end=\"1757\">4. Tourist Tax<\/strong><\/h3><ul data-start=\"1759\" data-end=\"1935\"><li class=\"\" data-start=\"1759\" data-end=\"1935\"><p class=\"\" data-start=\"1761\" data-end=\"1935\">In accordance with the regulations of the Municipality of Noto, a <strong data-start=\"1825\" data-end=\"1873\">tourist tax of \u20ac3 per person per night<\/strong>, to be paid upon arrival (subject to regulatory updates).<\/p><\/li><\/ul><hr class=\"\" data-start=\"1937\" data-end=\"1940\" \/><h3 class=\"\" data-start=\"1942\" data-end=\"1975\"><strong data-start=\"1946\" data-end=\"1975\">5. Rules of the Structure<\/strong><\/h3><ul data-start=\"1977\" data-end=\"2485\"><li class=\"\" data-start=\"1977\" data-end=\"2098\"><p class=\"\" data-start=\"1979\" data-end=\"2098\"><strong data-start=\"1979\" data-end=\"2000\">Pets<\/strong>: admitted with a supplement of <strong data-start=\"2032\" data-end=\"2039\">\u20ac50<\/strong> for extra cleaning (to be communicated at the time of booking).<\/p><\/li><li class=\"\" data-start=\"2099\" data-end=\"2184\"><p class=\"\" data-start=\"2101\" data-end=\"2184\"><strong data-start=\"2101\" data-end=\"2131\">No smoking inside<\/strong>: Smoking is only permitted outside and on balconies.<\/p><\/li><li class=\"\" data-start=\"2185\" data-end=\"2300\"><p class=\"\" data-start=\"2187\" data-end=\"2300\"><strong data-start=\"2187\" data-end=\"2212\">Unregistered guests<\/strong>: access or overnight stay of people not included in the booking is not permitted.<\/p><\/li><li class=\"\" data-start=\"2301\" data-end=\"2397\"><p class=\"\" data-start=\"2303\" data-end=\"2397\"><strong data-start=\"2303\" data-end=\"2324\">Quiet hours<\/strong>: from <strong data-start=\"2332\" data-end=\"2352\">10:00 PM to 8:00 AM<\/strong>, out of respect for the rest of the other guests.<\/p><\/li><li class=\"\" data-start=\"2398\" data-end=\"2485\"><p class=\"\" data-start=\"2400\" data-end=\"2485\"><strong data-start=\"2400\" data-end=\"2409\">Damages<\/strong>: any damage to the structure or furnishings will be charged to the guest.<\/p><\/li><\/ul><hr class=\"\" data-start=\"2487\" data-end=\"2490\" \/><h3 class=\"\" data-start=\"2492\" data-end=\"2520\"><strong data-start=\"2496\" data-end=\"2520\">6. Equipment Included<\/strong><\/h3><ul data-start=\"2522\" data-end=\"2769\"><li class=\"\" data-start=\"2522\" data-end=\"2540\"><p class=\"\" data-start=\"2524\" data-end=\"2540\">Ultra-fast WiFi<\/p><\/li><li class=\"\" data-start=\"2541\" data-end=\"2573\"><p class=\"\" data-start=\"2543\" data-end=\"2573\">Air conditioning in every room<\/p><\/li><li class=\"\" data-start=\"2574\" data-end=\"2584\"><p class=\"\" data-start=\"2576\" data-end=\"2584\">Smart TV<\/p><\/li><li class=\"\" data-start=\"2585\" data-end=\"2607\"><p class=\"\" data-start=\"2587\" data-end=\"2607\">Automatic shutters<\/p><\/li><li class=\"\" data-start=\"2608\" data-end=\"2649\"><p class=\"\" data-start=\"2610\" data-end=\"2649\">Private bathroom with shower and courtesy set<\/p><\/li><li class=\"\" data-start=\"2650\" data-end=\"2679\"><p class=\"\" data-start=\"2652\" data-end=\"2679\">Alexa for voice assistance<\/p><\/li><li class=\"\" data-start=\"2680\" data-end=\"2704\"><p class=\"\" data-start=\"2682\" data-end=\"2704\">Sheets and towels<\/p><\/li><li class=\"\" data-start=\"2705\" data-end=\"2769\"><p class=\"\" data-start=\"2707\" data-end=\"2769\">Equipped kitchen (only for those who book the entire apartment)<\/p><\/li><\/ul><hr class=\"\" data-start=\"2771\" data-end=\"2774\" \/><h3 class=\"\" data-start=\"2776\" data-end=\"2813\"><strong data-start=\"2780\" data-end=\"2813\">7. Extra Services on Request<\/strong><\/h3><ul data-start=\"2815\" data-end=\"2908\"><li class=\"\" data-start=\"2815\" data-end=\"2852\"><p class=\"\" data-start=\"2817\" data-end=\"2852\"><strong data-start=\"2817\" data-end=\"2837\">Private garage<\/strong>: \u20ac15 per day<\/p><\/li><li class=\"\" data-start=\"2853\" data-end=\"2908\"><p class=\"\" data-start=\"2855\" data-end=\"2908\"><strong data-start=\"2855\" data-end=\"2876\">Baby cot<\/strong>: \u20ac5 per day (upon reservation)<\/p><\/li><\/ul><hr class=\"\" data-start=\"2910\" data-end=\"2913\" \/><h3 class=\"\" data-start=\"2915\" data-end=\"2940\"><strong data-start=\"2919\" data-end=\"2940\">8. Responsibility<\/strong><\/h3><ul data-start=\"2942\" data-end=\"3146\"><li class=\"\" data-start=\"2942\" data-end=\"3021\"><p class=\"\" data-start=\"2944\" data-end=\"3021\">The property is not responsible for theft or loss of personal items.<\/p><\/li><li class=\"\" data-start=\"3022\" data-end=\"3146\"><p class=\"\" data-start=\"3024\" data-end=\"3146\">We assume no responsibility for any interruptions to public services not directly attributable to the facility.<\/p><\/li><\/ul><hr class=\"\" data-start=\"3148\" data-end=\"3151\" \/><h3 class=\"\" data-start=\"3153\" data-end=\"3184\"><strong data-start=\"3157\" data-end=\"3184\">9. Changes to the Terms<\/strong><\/h3><p class=\"\" data-start=\"3186\" data-end=\"3371\">We reserve the right to update these Terms and Conditions at any time. In the event of significant changes, guests who have already booked will be informed promptly.<\/p>\t\t\t\t\t\t\t\t<\/div>\n\t\t\t\t<\/div>\n\t\t\t\t\t<\/div>\n\t\t\t\t<\/div>\n\t\t\t\t<\/div>","protected":false},"excerpt":{"rendered":"<p>Termini e Condizioni di Soggiorno Struttura: Vela Barocca \u2013 Casa VacanzeIndirizzo: Via Giovanni Agnelli 9, Noto (SR) \u2013 96017Email: velabarocca@gmail.comTelefono: +39 351 0159482 Effettuando la prenotazione presso la nostra struttura, l\u2019ospite dichiara di aver letto, compreso e accettato i presenti [&hellip;]<\/p>\n","protected":false},"author":1,"featured_media":0,"parent":0,"menu_order":0,"comment_status":"closed","ping_status":"closed","template":"","meta":{"footnotes":""},"class_list":["post-8917","page","type-page","status-publish","hentry"],"yoast_head":"<!-- This site is optimized with the Yoast SEO Premium plugin v27.5 (Yoast SEO v27.5) - https:\/\/yoast.com\/product\/yoast-seo-premium-wordpress\/ -->\n<title>Terms and Conditions - Vela Barocca<\/title>\n<meta name=\"robots\" content=\"index, follow, max-snippet:-1, max-image-preview:large, max-video-preview:-1\" \/>\n<link rel=\"canonical\" href=\"https:\/\/velabarocca.it\/en\/term-condition\/\" \/>\n<meta property=\"og:locale\" content=\"en_US\" \/>\n<meta property=\"og:type\" content=\"article\" \/>\n<meta property=\"og:title\" content=\"Terms and Conditions\" \/>\n<meta property=\"og:description\" content=\"Termini e Condizioni di Soggiorno Struttura: Vela Barocca \u2013 Casa VacanzeIndirizzo: Via Giovanni Agnelli 9, Noto (SR) \u2013 96017Email: velabarocca@gmail.comTelefono: +39 351 0159482 Effettuando la prenotazione presso la nostra struttura, l\u2019ospite dichiara di aver letto, compreso e accettato i presenti [&hellip;]\" \/>\n<meta property=\"og:url\" content=\"https:\/\/velabarocca.it\/en\/term-condition\/\" \/>\n<meta property=\"og:site_name\" content=\"Vela Barocca\" \/>\n<meta property=\"article:publisher\" content=\"https:\/\/www.facebook.com\/profile.php?id=61556032606912\" \/>\n<meta property=\"article:modified_time\" content=\"2026-04-01T09:57:57+00:00\" \/>\n<meta property=\"og:image\" content=\"https:\/\/i0.wp.com\/velabarocca.it\/wp-content\/uploads\/2024\/04\/cropped-LOGO.png?fit=1024%2C1024&ssl=1\" \/>\n\t<meta property=\"og:image:width\" content=\"1024\" \/>\n\t<meta property=\"og:image:height\" content=\"1024\" \/>\n\t<meta property=\"og:image:type\" content=\"image\/png\" \/>\n<meta name=\"twitter:card\" content=\"summary_large_image\" \/>\n<meta name=\"twitter:label1\" content=\"Est. reading time\" \/>\n\t<meta name=\"twitter:data1\" content=\"3 minutes\" \/>\n<script type=\"application\/ld+json\" class=\"yoast-schema-graph\">{\"@context\":\"https:\\\/\\\/schema.org\",\"@graph\":[{\"@type\":\"WebPage\",\"@id\":\"https:\\\/\\\/velabarocca.it\\\/term-condition\\\/\",\"url\":\"https:\\\/\\\/velabarocca.it\\\/term-condition\\\/\",\"name\":\"Terms and Conditions - Vela Barocca\",\"isPartOf\":{\"@id\":\"https:\\\/\\\/velabarocca.it\\\/#website\"},\"datePublished\":\"2024-04-04T17:37:42+00:00\",\"dateModified\":\"2026-04-01T09:57:57+00:00\",\"breadcrumb\":{\"@id\":\"https:\\\/\\\/velabarocca.it\\\/term-condition\\\/#breadcrumb\"},\"inLanguage\":\"en-US\",\"potentialAction\":[{\"@type\":\"ReadAction\",\"target\":[\"https:\\\/\\\/velabarocca.it\\\/term-condition\\\/\"]}]},{\"@type\":\"BreadcrumbList\",\"@id\":\"https:\\\/\\\/velabarocca.it\\\/term-condition\\\/#breadcrumb\",\"itemListElement\":[{\"@type\":\"ListItem\",\"position\":1,\"name\":\"Home\",\"item\":\"https:\\\/\\\/velabarocca.it\\\/\"},{\"@type\":\"ListItem\",\"position\":2,\"name\":\"Terms and Conditions\"}]},{\"@type\":\"WebSite\",\"@id\":\"https:\\\/\\\/velabarocca.it\\\/#website\",\"url\":\"https:\\\/\\\/velabarocca.it\\\/\",\"name\":\"Vela Barocca\",\"description\":\"Casa Vacanze a Noto!\",\"publisher\":{\"@id\":\"https:\\\/\\\/velabarocca.it\\\/#organization\"},\"potentialAction\":[{\"@type\":\"SearchAction\",\"target\":{\"@type\":\"EntryPoint\",\"urlTemplate\":\"https:\\\/\\\/velabarocca.it\\\/?s={search_term_string}\"},\"query-input\":{\"@type\":\"PropertyValueSpecification\",\"valueRequired\":true,\"valueName\":\"search_term_string\"}}],\"inLanguage\":\"en-US\"},{\"@type\":\"Organization\",\"@id\":\"https:\\\/\\\/velabarocca.it\\\/#organization\",\"name\":\"Vela Barocca Casa Vacanze\",\"url\":\"https:\\\/\\\/velabarocca.it\\\/\",\"logo\":{\"@type\":\"ImageObject\",\"inLanguage\":\"en-US\",\"@id\":\"https:\\\/\\\/velabarocca.it\\\/#\\\/schema\\\/logo\\\/image\\\/\",\"url\":\"https:\\\/\\\/i0.wp.com\\\/velabarocca.it\\\/wp-content\\\/uploads\\\/2024\\\/04\\\/cropped-LOGO-NOTO-SITO.png?fit=776%2C776&ssl=1\",\"contentUrl\":\"https:\\\/\\\/i0.wp.com\\\/velabarocca.it\\\/wp-content\\\/uploads\\\/2024\\\/04\\\/cropped-LOGO-NOTO-SITO.png?fit=776%2C776&ssl=1\",\"width\":776,\"height\":776,\"caption\":\"Vela Barocca Casa Vacanze\"},\"image\":{\"@id\":\"https:\\\/\\\/velabarocca.it\\\/#\\\/schema\\\/logo\\\/image\\\/\"},\"sameAs\":[\"https:\\\/\\\/www.facebook.com\\\/profile.php?id=61556032606912\",\"https:\\\/\\\/www.instagram.com\\\/velabaroccanoto\\\/\"],\"description\":\"La nostra casa vacanze si trova nella splendida citt\u00e0 di Noto, patrimonio dell'UNESCO noto per il suo straordinario stile barocco. Posizionata idealmente per esplorare le ricchezze culturali e architettoniche della Sicilia, si trova a pochi passi dalla Villa Comunale e vicino alla fermata degli autobus, garantendo facile accesso per i vostri spostamenti. Offriamo un'esperienza di soggiorno autonoma con accesso remoto, permettendo libert\u00e0 e indipendenza ai nostri ospiti. La struttura dispone di due camere quadruple speculari, ciascuna con bagno privato, arredate con cura per combinare comfort moderni e design raffinato. La cucina \u00e8 completamente equipaggiata con elettrodomestici all'avanguardia, compresa una macchina del caff\u00e8 e una piastra per cucinare, ideale per preparare pasti in autonomia. Tra i servizi offerti ci sono l'aria condizionata, WiFi ad alta velocit\u00e0, TV, e la possibilit\u00e0 di usare comandi vocali tramite Alexa per una maggiore comodit\u00e0. La nostra offerta si arricchisce di una colazione self-service, per un risveglio dolce e piacevole ogni mattina.\",\"email\":\"velabarocca@gmail.com\",\"telephone\":\"3467321008\",\"legalName\":\"Vela Barocca\",\"publishingPrinciples\":\"https:\\\/\\\/velabarocca.it\\\/privacy-policy-cookie-policy\\\/\"}]}<\/script>\n<!-- \/ Yoast SEO Premium plugin. -->","yoast_head_json":{"title":"Terms and Conditions - Baroque Sailing","robots":{"index":"index","follow":"follow","max-snippet":"max-snippet:-1","max-image-preview":"max-image-preview:large","max-video-preview":"max-video-preview:-1"},"canonical":"https:\/\/velabarocca.it\/en\/term-condition\/","og_locale":"en_US","og_type":"article","og_title":"Terms and Conditions","og_description":"Termini e Condizioni di Soggiorno Struttura: Vela Barocca \u2013 Casa VacanzeIndirizzo: Via Giovanni Agnelli 9, Noto (SR) \u2013 96017Email: velabarocca@gmail.comTelefono: +39 351 0159482 Effettuando la prenotazione presso la nostra struttura, l\u2019ospite dichiara di aver letto, compreso e accettato i presenti [&hellip;]","og_url":"https:\/\/velabarocca.it\/en\/term-condition\/","og_site_name":"Vela Barocca","article_publisher":"https:\/\/www.facebook.com\/profile.php?id=61556032606912","article_modified_time":"2026-04-01T09:57:57+00:00","og_image":[{"width":1024,"height":1024,"url":"https:\/\/i0.wp.com\/velabarocca.it\/wp-content\/uploads\/2024\/04\/cropped-LOGO.png?fit=1024%2C1024&ssl=1","type":"image\/png"}],"twitter_card":"summary_large_image","twitter_misc":{"Est. reading time":"3 minutes"},"schema":{"@context":"https:\/\/schema.org","@graph":[{"@type":"WebPage","@id":"https:\/\/velabarocca.it\/term-condition\/","url":"https:\/\/velabarocca.it\/term-condition\/","name":"Terms and Conditions - Baroque Sailing","isPartOf":{"@id":"https:\/\/velabarocca.it\/#website"},"datePublished":"2024-04-04T17:37:42+00:00","dateModified":"2026-04-01T09:57:57+00:00","breadcrumb":{"@id":"https:\/\/velabarocca.it\/term-condition\/#breadcrumb"},"inLanguage":"en-US","potentialAction":[{"@type":"ReadAction","target":["https:\/\/velabarocca.it\/term-condition\/"]}]},{"@type":"BreadcrumbList","@id":"https:\/\/velabarocca.it\/term-condition\/#breadcrumb","itemListElement":[{"@type":"ListItem","position":1,"name":"Home","item":"https:\/\/velabarocca.it\/"},{"@type":"ListItem","position":2,"name":"Terms and Conditions"}]},{"@type":"WebSite","@id":"https:\/\/velabarocca.it\/#website","url":"https:\/\/velabarocca.it\/","name":"Vela Barocca","description":"Holiday Home in Noto!","publisher":{"@id":"https:\/\/velabarocca.it\/#organization"},"potentialAction":[{"@type":"SearchAction","target":{"@type":"EntryPoint","urlTemplate":"https:\/\/velabarocca.it\/?s={search_term_string}"},"query-input":{"@type":"PropertyValueSpecification","valueRequired":true,"valueName":"search_term_string"}}],"inLanguage":"en-US"},{"@type":"Organization","@id":"https:\/\/velabarocca.it\/#organization","name":"Baroque Sailing Holiday Home","url":"https:\/\/velabarocca.it\/","logo":{"@type":"ImageObject","inLanguage":"en-US","@id":"https:\/\/velabarocca.it\/#\/schema\/logo\/image\/","url":"https:\/\/i0.wp.com\/velabarocca.it\/wp-content\/uploads\/2024\/04\/cropped-LOGO-NOTO-SITO.png?fit=776%2C776&ssl=1","contentUrl":"https:\/\/i0.wp.com\/velabarocca.it\/wp-content\/uploads\/2024\/04\/cropped-LOGO-NOTO-SITO.png?fit=776%2C776&ssl=1","width":776,"height":776,"caption":"Vela Barocca Casa Vacanze"},"image":{"@id":"https:\/\/velabarocca.it\/#\/schema\/logo\/image\/"},"sameAs":["https:\/\/www.facebook.com\/profile.php?id=61556032606912","https:\/\/www.instagram.com\/velabaroccanoto\/"],"description":"Our holiday home is located in the beautiful city of Noto, a UNESCO heritage site known for its extraordinary baroque style. Ideally positioned to explore the cultural and architectural riches of Sicily, it is located a few steps from the Villa Comunale and close to the bus stop, ensuring easy access for your travels. We offer a self-contained stay experience with remote access, allowing freedom and independence for our guests. The property has two mirrored quadruple rooms, each with private bathroom, carefully furnished to combine modern comforts and refined design. The kitchen is fully equipped with state-of-the-art appliances, including a coffee machine and a cooking plate, ideal for preparing meals independently. Among the amenities offered are air conditioning, high-speed WiFi, TV, and the ability to use voice commands via Alexa for added convenience. Our offer is enriched with a self-service breakfast, for a sweet and pleasant awakening every morning.","email":"velabarocca@gmail.com","telephone":"3467321008","legalName":"Vela Barocca","publishingPrinciples":"https:\/\/velabarocca.it\/privacy-policy-cookie-policy\/"}]}},"jetpack_sharing_enabled":true,"_links":{"self":[{"href":"https:\/\/velabarocca.it\/en\/wp-json\/wp\/v2\/pages\/8917","targetHints":{"allow":["GET"]}}],"collection":[{"href":"https:\/\/velabarocca.it\/en\/wp-json\/wp\/v2\/pages"}],"about":[{"href":"https:\/\/velabarocca.it\/en\/wp-json\/wp\/v2\/types\/page"}],"author":[{"embeddable":true,"href":"https:\/\/velabarocca.it\/en\/wp-json\/wp\/v2\/users\/1"}],"replies":[{"embeddable":true,"href":"https:\/\/velabarocca.it\/en\/wp-json\/wp\/v2\/comments?post=8917"}],"version-history":[{"count":9,"href":"https:\/\/velabarocca.it\/en\/wp-json\/wp\/v2\/pages\/8917\/revisions"}],"predecessor-version":[{"id":10193,"href":"https:\/\/velabarocca.it\/en\/wp-json\/wp\/v2\/pages\/8917\/revisions\/10193"}],"wp:attachment":[{"href":"https:\/\/velabarocca.it\/en\/wp-json\/wp\/v2\/media?parent=8917"}],"curies":[{"name":"wp","href":"https:\/\/api.w.org\/{rel}","templated":true}]}}