{"id":2531,"date":"2020-03-31T13:25:00","date_gmt":"2020-03-31T13:25:00","guid":{"rendered":"https:\/\/alloggio.qodeinteractive.com\/?page_id=2531"},"modified":"2026-04-01T16:49:47","modified_gmt":"2026-04-01T14:49:47","slug":"contatti","status":"publish","type":"page","link":"https:\/\/velabarocca.it\/it\/contatti\/","title":{"rendered":"Contatti"},"content":{"rendered":"\t\t<div data-elementor-type=\"wp-page\" data-elementor-id=\"2531\" class=\"elementor elementor-2531\" data-elementor-post-type=\"page\">\n\t\t\t\t<div class=\"elementor-element elementor-element-1a2ee3d e-flex e-con-boxed e-con e-parent\" data-id=\"1a2ee3d\" data-element_type=\"container\" data-e-type=\"container\" data-settings=\"{&quot;hoteller_ext_is_background_parallax&quot;:&quot;false&quot;,&quot;hoteller_ext_is_background_backdrop&quot;:&quot;false&quot;,&quot;hoteller_ext_is_background_on_scroll&quot;:&quot;false&quot;,&quot;hoteller_ext_link_sidemenu&quot;:&quot;false&quot;,&quot;hoteller_ext_link_fullmenu&quot;:&quot;false&quot;,&quot;hoteller_ext_link_closed_fullmenu&quot;:&quot;false&quot;,&quot;hoteller_ext_is_scrollme&quot;:&quot;false&quot;,&quot;hoteller_ext_is_smoove&quot;:&quot;false&quot;,&quot;hoteller_ext_is_parallax_mouse&quot;:&quot;false&quot;,&quot;hoteller_ext_is_infinite&quot;:&quot;false&quot;,&quot;hoteller_ext_is_fadeout_animation&quot;:&quot;false&quot;,&quot;hoteller_ext_mobile_static&quot;:&quot;false&quot;}\">\n\t\t\t\t\t<div class=\"e-con-inner\">\n\t\t\t\t<div class=\"elementor-element elementor-element-1dc72c4 elementor-widget elementor-widget-heading\" data-id=\"1dc72c4\" data-element_type=\"widget\" data-e-type=\"widget\" data-settings=\"{&quot;hoteller_ext_link_sidemenu&quot;:&quot;false&quot;,&quot;hoteller_ext_link_fullmenu&quot;:&quot;false&quot;,&quot;hoteller_ext_link_closed_fullmenu&quot;:&quot;false&quot;,&quot;hoteller_ext_is_scrollme&quot;:&quot;false&quot;,&quot;hoteller_ext_is_smoove&quot;:&quot;false&quot;,&quot;hoteller_ext_is_parallax_mouse&quot;:&quot;false&quot;,&quot;hoteller_ext_is_infinite&quot;:&quot;false&quot;,&quot;hoteller_ext_is_fadeout_animation&quot;:&quot;false&quot;,&quot;hoteller_ext_mobile_static&quot;:&quot;false&quot;}\" data-widget_type=\"heading.default\">\n\t\t\t\t<div class=\"elementor-widget-container\">\n\t\t\t\t\t<h2 class=\"elementor-heading-title elementor-size-default\">Ecco come contattarci:<\/h2>\t\t\t\t<\/div>\n\t\t\t\t<\/div>\n\t\t\t\t<div class=\"elementor-element elementor-element-36af672 elementor-widget elementor-widget-text-editor\" data-id=\"36af672\" data-element_type=\"widget\" data-e-type=\"widget\" data-settings=\"{&quot;hoteller_ext_link_sidemenu&quot;:&quot;false&quot;,&quot;hoteller_ext_link_fullmenu&quot;:&quot;false&quot;,&quot;hoteller_ext_link_closed_fullmenu&quot;:&quot;false&quot;,&quot;hoteller_ext_is_scrollme&quot;:&quot;false&quot;,&quot;hoteller_ext_is_smoove&quot;:&quot;false&quot;,&quot;hoteller_ext_is_parallax_mouse&quot;:&quot;false&quot;,&quot;hoteller_ext_is_infinite&quot;:&quot;false&quot;,&quot;hoteller_ext_is_fadeout_animation&quot;:&quot;false&quot;,&quot;hoteller_ext_mobile_static&quot;:&quot;false&quot;}\" data-widget_type=\"text-editor.default\">\n\t\t\t\t<div class=\"elementor-widget-container\">\n\t\t\t\t\t\t\t\t\t<h5 style=\"text-align: center;\"><strong>Email: <span style=\"text-decoration: underline;\"><a href=\"mailto:velabarocca@gmail.com\">velabarocca@gmail.com<\/a><\/span><\/strong><\/h5><h5>\u00a0<\/h5><h5 style=\"text-align: center;\"><strong>Cellulare: <span style=\"text-decoration: underline;\"><a href=\"https:\/\/wa.me\/message\/EEB35RT4ESG4O1\">+39 3510159482<\/a><\/span><\/strong><\/h5><h5 style=\"text-align: center;\"><span style=\"text-decoration: underline;\"><a href=\"https:\/\/wa.me\/message\/EEB35RT4ESG4O1\"><strong><span style=\"color: #000000; text-decoration: underline;\">Clicca qui per scriverci direttamente tramite Whatsapp<\/span><\/strong><\/a><\/span><\/h5><h5 style=\"text-align: center;\"><strong>Indirizzo: Via Giovanni Agnelli 9, 96017, Noto, Sicilia, Italia<\/strong><\/h5><h5>\u00a0<\/h5><h5>\u00a0<\/h5><h5 style=\"text-align: center;\">Siamo sempre disponibili a rispondere alle vostre domande e a fornirvi tutte le informazioni di cui avete bisogno per pianificare la vostra vacanza da sogno a Noto.<\/h5><h5 style=\"text-align: center;\">La nostra posizione privilegiata vi permetter\u00e0 di esplorare facilmente le bellezze di Noto e delle sue vicinanze, immergendovi nella storia, nell&#8217;arte e nella cultura siciliana. Che siate in cerca di un soggiorno rilassante o di una vacanza ricca di avventure, la nostra casa vacanze \u00e8 il punto di partenza ideale.<\/h5>\t\t\t\t\t\t\t\t<\/div>\n\t\t\t\t<\/div>\n\t\t\t\t\t<\/div>\n\t\t\t\t<\/div>\n\t\t\t\t<section class=\"elementor-section elementor-top-section elementor-element elementor-element-c9042e3 elementor-section-full_width elementor-section-height-default elementor-section-height-default\" data-id=\"c9042e3\" data-element_type=\"section\" data-e-type=\"section\" data-settings=\"{&quot;hoteller_ext_is_background_parallax&quot;:&quot;false&quot;,&quot;hoteller_ext_is_background_backdrop&quot;:&quot;false&quot;,&quot;hoteller_ext_is_background_on_scroll&quot;:&quot;false&quot;}\">\n\t\t\t\t\t\t<div class=\"elementor-container elementor-column-gap-no\">\n\t\t\t\t\t<div class=\"elementor-column elementor-col-100 elementor-top-column elementor-element elementor-element-7ca5e6f\" data-id=\"7ca5e6f\" data-element_type=\"column\" data-e-type=\"column\" data-settings=\"{&quot;hoteller_ext_link_sidemenu&quot;:&quot;false&quot;,&quot;hoteller_ext_link_fullmenu&quot;:&quot;false&quot;,&quot;hoteller_ext_link_closed_fullmenu&quot;:&quot;false&quot;,&quot;hoteller_ext_is_scrollme&quot;:&quot;false&quot;,&quot;hoteller_ext_is_smoove&quot;:&quot;false&quot;,&quot;hoteller_ext_is_parallax_mouse&quot;:&quot;false&quot;,&quot;hoteller_ext_is_infinite&quot;:&quot;false&quot;,&quot;hoteller_ext_is_fadeout_animation&quot;:&quot;false&quot;,&quot;hoteller_ext_mobile_static&quot;:&quot;false&quot;}\">\n\t\t\t<div class=\"elementor-widget-wrap elementor-element-populated\">\n\t\t\t\t\t\t<div class=\"elementor-element elementor-element-5443e36 elementor-widget elementor-widget-hoteller-contact-form\" data-id=\"5443e36\" data-element_type=\"widget\" data-e-type=\"widget\" data-settings=\"{&quot;hoteller_ext_link_sidemenu&quot;:&quot;false&quot;,&quot;hoteller_ext_link_fullmenu&quot;:&quot;false&quot;,&quot;hoteller_ext_link_closed_fullmenu&quot;:&quot;false&quot;,&quot;hoteller_ext_is_scrollme&quot;:&quot;false&quot;,&quot;hoteller_ext_is_smoove&quot;:&quot;false&quot;,&quot;hoteller_ext_is_parallax_mouse&quot;:&quot;false&quot;,&quot;hoteller_ext_is_infinite&quot;:&quot;false&quot;,&quot;hoteller_ext_is_fadeout_animation&quot;:&quot;false&quot;,&quot;hoteller_ext_mobile_static&quot;:&quot;false&quot;}\" data-widget_type=\"hoteller-contact-form.default\">\n\t\t\t\t<div class=\"elementor-widget-container\">\n\t\t\t\t\t<div class=\"hoteller-contact-form-content-wrapper fullwidth\">\n\t\n<div class=\"wpcf7 no-js\" id=\"wpcf7-f2305-o1\" lang=\"en-US\" dir=\"ltr\" data-wpcf7-id=\"2305\">\n<div class=\"screen-reader-response\"><p role=\"status\" aria-live=\"polite\" aria-atomic=\"true\"><\/p> <ul><\/ul><\/div>\n<form action=\"\/it\/wp-json\/wp\/v2\/pages\/2531#wpcf7-f2305-o1\" method=\"post\" class=\"wpcf7-form init\" aria-label=\"Contact form\" novalidate=\"novalidate\" data-status=\"init\">\n<fieldset class=\"hidden-fields-container\"><input type=\"hidden\" name=\"_wpcf7\" value=\"2305\" \/><input type=\"hidden\" name=\"_wpcf7_version\" value=\"6.1.5\" \/><input type=\"hidden\" name=\"_wpcf7_locale\" value=\"en_US\" \/><input type=\"hidden\" name=\"_wpcf7_unit_tag\" value=\"wpcf7-f2305-o1\" \/><input type=\"hidden\" name=\"_wpcf7_container_post\" value=\"0\" \/><input type=\"hidden\" name=\"_wpcf7_posted_data_hash\" value=\"\" \/>\n<\/fieldset>\n<div class=\"modulo-preventivo-bello\">\n\t<h2 class=\"qodef-e-title\"><br \/>\n<span class=\"icon-basic-mail-open-text qodef-e-icon\"><\/span>In alternativa, compila il modulo qui sotto!\n\t<\/h2>\n\t<p class=\"qodef-e-text\">Compila il modulo qui sotto per ricevere la nostra migliore offerta personalizzata per il tuo soggiorno.\n\t<\/p>\n\t<div class=\"riga-campi\">\n\t\t<div class=\"colonna-campo\">\n\t\t\t<p><span class=\"wpcf7-form-control-wrap\" data-name=\"your-name\"><input size=\"40\" maxlength=\"400\" class=\"wpcf7-form-control wpcf7-text wpcf7-validates-as-required\" aria-required=\"true\" aria-invalid=\"false\" placeholder=\"Nome e Cognome\" value=\"\" type=\"text\" name=\"your-name\" \/><\/span>\n\t\t\t<\/p>\n\t\t<\/div>\n\t\t<div class=\"colonna-campo\">\n\t\t\t<p><span class=\"wpcf7-form-control-wrap\" data-name=\"your-email\"><input size=\"40\" maxlength=\"400\" class=\"wpcf7-form-control wpcf7-email wpcf7-validates-as-required wpcf7-text wpcf7-validates-as-email\" aria-required=\"true\" aria-invalid=\"false\" placeholder=\"Indirizzo Email\" value=\"\" type=\"email\" name=\"your-email\" \/><\/span>\n\t\t\t<\/p>\n\t\t<\/div>\n\t<\/div>\n\t<div class=\"riga-campi\">\n\t\t<div class=\"colonna-campo\">\n\t\t\t<p><span class=\"wpcf7-form-control-wrap\" data-name=\"your-phone\"><input size=\"40\" maxlength=\"400\" class=\"wpcf7-form-control wpcf7-tel wpcf7-validates-as-required wpcf7-text wpcf7-validates-as-tel\" aria-required=\"true\" aria-invalid=\"false\" placeholder=\"Numero di Cellulare\" value=\"\" type=\"tel\" name=\"your-phone\" \/><\/span>\n\t\t\t<\/p>\n\t\t<\/div>\n\t\t<div class=\"colonna-campo\">\n\t\t\t<p><span class=\"wpcf7-form-control-wrap\" data-name=\"your-guests\"><input size=\"40\" maxlength=\"400\" class=\"wpcf7-form-control wpcf7-text wpcf7-validates-as-required\" aria-required=\"true\" aria-invalid=\"false\" placeholder=\"Numero di ospiti (es. 2 adulti)\" value=\"\" type=\"text\" name=\"your-guests\" \/><\/span>\n\t\t\t<\/p>\n\t\t<\/div>\n\t<\/div>\n\t<div class=\"riga-singola\">\n\t\t<p><span class=\"wpcf7-form-control-wrap\" data-name=\"your-dates\"><input size=\"40\" maxlength=\"400\" class=\"wpcf7-form-control wpcf7-text wpcf7-validates-as-required\" aria-required=\"true\" aria-invalid=\"false\" placeholder=\"Date di pernottamento (es. 10-15 Agosto)\" value=\"\" type=\"text\" name=\"your-dates\" \/><\/span>\n\t\t<\/p>\n\t<\/div>\n\t<div class=\"accettazione-privacy\">\n\t\t<p><span class=\"wpcf7-form-control-wrap\" data-name=\"accetto-privacy\"><span class=\"wpcf7-form-control wpcf7-acceptance\"><span class=\"wpcf7-list-item\"><label><input type=\"checkbox\" name=\"accetto-privacy\" value=\"1\" aria-invalid=\"false\" \/><span class=\"wpcf7-list-item-label\">Dichiaro di aver letto e compreso la <a href=\"https:\/\/velabarocca.it\/privacy-policy\/\" target=\"_blank\">Privacy Policy<\/a> e acconsento al trattamento dei miei dati personali.*<\/span><\/label><\/span><\/span><\/span>\n\t\t<\/p>\n\t<\/div>\n\t<div class=\"pulsante-centrato\">\n\t\t<p><input class=\"wpcf7-form-control wpcf7-submit has-spinner\" type=\"submit\" value=\"RICHIEDI PREVENTIVO\" \/>\n\t\t<\/p>\n\t<\/div>\n<\/div><div class=\"wpcf7-response-output\" aria-hidden=\"true\"><\/div>\n<\/form>\n<\/div>\n<\/div>\t\t\t\t<\/div>\n\t\t\t\t<\/div>\n\t\t\t\t\t<\/div>\n\t\t<\/div>\n\t\t\t\t\t<\/div>\n\t\t<\/section>\n\t\t\t\t<\/div>\n\t\t","protected":false},"excerpt":{"rendered":"<p>Ecco come contattarci: Email: velabarocca@gmail.com \u00a0 Cellulare: +39 3510159482 Clicca qui per scriverci direttamente tramite Whatsapp Indirizzo: Via Giovanni Agnelli 9, 96017, Noto, Sicilia, Italia \u00a0 \u00a0 Siamo sempre disponibili a rispondere alle vostre domande e a fornirvi tutte le [&hellip;]<\/p>\n","protected":false},"author":1,"featured_media":9336,"parent":0,"menu_order":0,"comment_status":"closed","ping_status":"closed","template":"","meta":{"footnotes":""},"class_list":["post-2531","page","type-page","status-publish","has-post-thumbnail","hentry"],"yoast_head":"<!-- This site is optimized with the Yoast SEO Premium plugin v27.5 (Yoast SEO v27.5) - https:\/\/yoast.com\/product\/yoast-seo-premium-wordpress\/ -->\n<title>Contatti - Vela Barocca<\/title>\n<meta name=\"description\" content=\"Scopri le nostre camere a Noto: comfort moderni, WiFi veloce, TV, cucina attrezzata e Alexa per un soggiorno indimenticabile in Sicilia.\" \/>\n<meta name=\"robots\" content=\"index, follow, max-snippet:-1, max-image-preview:large, max-video-preview:-1\" \/>\n<link rel=\"canonical\" href=\"https:\/\/velabarocca.it\/it\/contatti\/\" \/>\n<meta property=\"og:locale\" content=\"it_IT\" \/>\n<meta property=\"og:type\" content=\"article\" \/>\n<meta property=\"og:title\" content=\"Contatti\" \/>\n<meta property=\"og:description\" content=\"Scopri le nostre camere a Noto: comfort moderni, WiFi veloce, TV, cucina attrezzata e Alexa per un soggiorno indimenticabile in Sicilia.\" \/>\n<meta property=\"og:url\" content=\"https:\/\/velabarocca.it\/it\/contatti\/\" \/>\n<meta property=\"og:site_name\" content=\"Vela Barocca\" \/>\n<meta property=\"article:publisher\" content=\"https:\/\/www.facebook.com\/profile.php?id=61556032606912\" \/>\n<meta property=\"article:modified_time\" content=\"2026-04-01T14:49:47+00:00\" \/>\n<meta property=\"og:image\" content=\"https:\/\/velabarocca.it\/wp-content\/uploads\/2024\/05\/Progetto-senza-titolo.webp\" \/>\n\t<meta property=\"og:image:width\" content=\"1600\" \/>\n\t<meta property=\"og:image:height\" content=\"418\" \/>\n\t<meta property=\"og:image:type\" content=\"image\/webp\" \/>\n<meta name=\"twitter:card\" content=\"summary_large_image\" \/>\n<meta name=\"twitter:label1\" content=\"Tempo di lettura stimato\" \/>\n\t<meta name=\"twitter:data1\" content=\"1 minuto\" \/>\n<script type=\"application\/ld+json\" class=\"yoast-schema-graph\">{\"@context\":\"https:\\\/\\\/schema.org\",\"@graph\":[{\"@type\":\"WebPage\",\"@id\":\"https:\\\/\\\/velabarocca.it\\\/it\\\/contatti\\\/\",\"url\":\"https:\\\/\\\/velabarocca.it\\\/it\\\/contatti\\\/\",\"name\":\"Contatti - Vela Barocca\",\"isPartOf\":{\"@id\":\"https:\\\/\\\/velabarocca.it\\\/#website\"},\"primaryImageOfPage\":{\"@id\":\"https:\\\/\\\/velabarocca.it\\\/it\\\/contatti\\\/#primaryimage\"},\"image\":{\"@id\":\"https:\\\/\\\/velabarocca.it\\\/it\\\/contatti\\\/#primaryimage\"},\"thumbnailUrl\":\"https:\\\/\\\/i0.wp.com\\\/velabarocca.it\\\/wp-content\\\/uploads\\\/2024\\\/05\\\/Progetto-senza-titolo.webp?fit=1600%2C418&ssl=1\",\"datePublished\":\"2020-03-31T13:25:00+00:00\",\"dateModified\":\"2026-04-01T14:49:47+00:00\",\"description\":\"Scopri le nostre camere a Noto: comfort moderni, WiFi veloce, TV, cucina attrezzata e Alexa per un soggiorno indimenticabile in Sicilia.\",\"breadcrumb\":{\"@id\":\"https:\\\/\\\/velabarocca.it\\\/it\\\/contatti\\\/#breadcrumb\"},\"inLanguage\":\"it-IT\",\"potentialAction\":[{\"@type\":\"ReadAction\",\"target\":[\"https:\\\/\\\/velabarocca.it\\\/it\\\/contatti\\\/\"]}]},{\"@type\":\"ImageObject\",\"inLanguage\":\"it-IT\",\"@id\":\"https:\\\/\\\/velabarocca.it\\\/it\\\/contatti\\\/#primaryimage\",\"url\":\"https:\\\/\\\/i0.wp.com\\\/velabarocca.it\\\/wp-content\\\/uploads\\\/2024\\\/05\\\/Progetto-senza-titolo.webp?fit=1600%2C418&ssl=1\",\"contentUrl\":\"https:\\\/\\\/i0.wp.com\\\/velabarocca.it\\\/wp-content\\\/uploads\\\/2024\\\/05\\\/Progetto-senza-titolo.webp?fit=1600%2C418&ssl=1\",\"width\":1600,\"height\":418},{\"@type\":\"BreadcrumbList\",\"@id\":\"https:\\\/\\\/velabarocca.it\\\/it\\\/contatti\\\/#breadcrumb\",\"itemListElement\":[{\"@type\":\"ListItem\",\"position\":1,\"name\":\"Home\",\"item\":\"https:\\\/\\\/velabarocca.it\\\/\"},{\"@type\":\"ListItem\",\"position\":2,\"name\":\"Contatti\"}]},{\"@type\":\"WebSite\",\"@id\":\"https:\\\/\\\/velabarocca.it\\\/#website\",\"url\":\"https:\\\/\\\/velabarocca.it\\\/\",\"name\":\"Vela Barocca\",\"description\":\"Casa Vacanze a Noto!\",\"publisher\":{\"@id\":\"https:\\\/\\\/velabarocca.it\\\/#organization\"},\"potentialAction\":[{\"@type\":\"SearchAction\",\"target\":{\"@type\":\"EntryPoint\",\"urlTemplate\":\"https:\\\/\\\/velabarocca.it\\\/?s={search_term_string}\"},\"query-input\":{\"@type\":\"PropertyValueSpecification\",\"valueRequired\":true,\"valueName\":\"search_term_string\"}}],\"inLanguage\":\"it-IT\"},{\"@type\":\"Organization\",\"@id\":\"https:\\\/\\\/velabarocca.it\\\/#organization\",\"name\":\"Vela Barocca Casa Vacanze\",\"url\":\"https:\\\/\\\/velabarocca.it\\\/\",\"logo\":{\"@type\":\"ImageObject\",\"inLanguage\":\"it-IT\",\"@id\":\"https:\\\/\\\/velabarocca.it\\\/#\\\/schema\\\/logo\\\/image\\\/\",\"url\":\"https:\\\/\\\/i0.wp.com\\\/velabarocca.it\\\/wp-content\\\/uploads\\\/2024\\\/04\\\/cropped-LOGO-NOTO-SITO.png?fit=776%2C776&ssl=1\",\"contentUrl\":\"https:\\\/\\\/i0.wp.com\\\/velabarocca.it\\\/wp-content\\\/uploads\\\/2024\\\/04\\\/cropped-LOGO-NOTO-SITO.png?fit=776%2C776&ssl=1\",\"width\":776,\"height\":776,\"caption\":\"Vela Barocca Casa Vacanze\"},\"image\":{\"@id\":\"https:\\\/\\\/velabarocca.it\\\/#\\\/schema\\\/logo\\\/image\\\/\"},\"sameAs\":[\"https:\\\/\\\/www.facebook.com\\\/profile.php?id=61556032606912\",\"https:\\\/\\\/www.instagram.com\\\/velabaroccanoto\\\/\"],\"description\":\"La nostra casa vacanze si trova nella splendida citt\u00e0 di Noto, patrimonio dell'UNESCO noto per il suo straordinario stile barocco. Posizionata idealmente per esplorare le ricchezze culturali e architettoniche della Sicilia, si trova a pochi passi dalla Villa Comunale e vicino alla fermata degli autobus, garantendo facile accesso per i vostri spostamenti. Offriamo un'esperienza di soggiorno autonoma con accesso remoto, permettendo libert\u00e0 e indipendenza ai nostri ospiti. La struttura dispone di due camere quadruple speculari, ciascuna con bagno privato, arredate con cura per combinare comfort moderni e design raffinato. La cucina \u00e8 completamente equipaggiata con elettrodomestici all'avanguardia, compresa una macchina del caff\u00e8 e una piastra per cucinare, ideale per preparare pasti in autonomia. Tra i servizi offerti ci sono l'aria condizionata, WiFi ad alta velocit\u00e0, TV, e la possibilit\u00e0 di usare comandi vocali tramite Alexa per una maggiore comodit\u00e0. La nostra offerta si arricchisce di una colazione self-service, per un risveglio dolce e piacevole ogni mattina.\",\"email\":\"velabarocca@gmail.com\",\"telephone\":\"3467321008\",\"legalName\":\"Vela Barocca\",\"publishingPrinciples\":\"https:\\\/\\\/velabarocca.it\\\/privacy-policy-cookie-policy\\\/\"}]}<\/script>\n<!-- \/ Yoast SEO Premium plugin. -->","yoast_head_json":{"title":"Contatti - Vela Barocca","description":"Scopri le nostre camere a Noto: comfort moderni, WiFi veloce, TV, cucina attrezzata e Alexa per un soggiorno indimenticabile in Sicilia.","robots":{"index":"index","follow":"follow","max-snippet":"max-snippet:-1","max-image-preview":"max-image-preview:large","max-video-preview":"max-video-preview:-1"},"canonical":"https:\/\/velabarocca.it\/it\/contatti\/","og_locale":"it_IT","og_type":"article","og_title":"Contatti","og_description":"Scopri le nostre camere a Noto: comfort moderni, WiFi veloce, TV, cucina attrezzata e Alexa per un soggiorno indimenticabile in Sicilia.","og_url":"https:\/\/velabarocca.it\/it\/contatti\/","og_site_name":"Vela Barocca","article_publisher":"https:\/\/www.facebook.com\/profile.php?id=61556032606912","article_modified_time":"2026-04-01T14:49:47+00:00","og_image":[{"width":1600,"height":418,"url":"https:\/\/velabarocca.it\/wp-content\/uploads\/2024\/05\/Progetto-senza-titolo.webp","type":"image\/webp"}],"twitter_card":"summary_large_image","twitter_misc":{"Tempo di lettura stimato":"1 minuto"},"schema":{"@context":"https:\/\/schema.org","@graph":[{"@type":"WebPage","@id":"https:\/\/velabarocca.it\/it\/contatti\/","url":"https:\/\/velabarocca.it\/it\/contatti\/","name":"Contatti - Vela Barocca","isPartOf":{"@id":"https:\/\/velabarocca.it\/#website"},"primaryImageOfPage":{"@id":"https:\/\/velabarocca.it\/it\/contatti\/#primaryimage"},"image":{"@id":"https:\/\/velabarocca.it\/it\/contatti\/#primaryimage"},"thumbnailUrl":"https:\/\/i0.wp.com\/velabarocca.it\/wp-content\/uploads\/2024\/05\/Progetto-senza-titolo.webp?fit=1600%2C418&ssl=1","datePublished":"2020-03-31T13:25:00+00:00","dateModified":"2026-04-01T14:49:47+00:00","description":"Scopri le nostre camere a Noto: comfort moderni, WiFi veloce, TV, cucina attrezzata e Alexa per un soggiorno indimenticabile in Sicilia.","breadcrumb":{"@id":"https:\/\/velabarocca.it\/it\/contatti\/#breadcrumb"},"inLanguage":"it-IT","potentialAction":[{"@type":"ReadAction","target":["https:\/\/velabarocca.it\/it\/contatti\/"]}]},{"@type":"ImageObject","inLanguage":"it-IT","@id":"https:\/\/velabarocca.it\/it\/contatti\/#primaryimage","url":"https:\/\/i0.wp.com\/velabarocca.it\/wp-content\/uploads\/2024\/05\/Progetto-senza-titolo.webp?fit=1600%2C418&ssl=1","contentUrl":"https:\/\/i0.wp.com\/velabarocca.it\/wp-content\/uploads\/2024\/05\/Progetto-senza-titolo.webp?fit=1600%2C418&ssl=1","width":1600,"height":418},{"@type":"BreadcrumbList","@id":"https:\/\/velabarocca.it\/it\/contatti\/#breadcrumb","itemListElement":[{"@type":"ListItem","position":1,"name":"Home","item":"https:\/\/velabarocca.it\/"},{"@type":"ListItem","position":2,"name":"Contatti"}]},{"@type":"WebSite","@id":"https:\/\/velabarocca.it\/#website","url":"https:\/\/velabarocca.it\/","name":"Vela Barocca","description":"Casa Vacanze a Noto!","publisher":{"@id":"https:\/\/velabarocca.it\/#organization"},"potentialAction":[{"@type":"SearchAction","target":{"@type":"EntryPoint","urlTemplate":"https:\/\/velabarocca.it\/?s={search_term_string}"},"query-input":{"@type":"PropertyValueSpecification","valueRequired":true,"valueName":"search_term_string"}}],"inLanguage":"it-IT"},{"@type":"Organization","@id":"https:\/\/velabarocca.it\/#organization","name":"Vela Barocca Casa Vacanze","url":"https:\/\/velabarocca.it\/","logo":{"@type":"ImageObject","inLanguage":"it-IT","@id":"https:\/\/velabarocca.it\/#\/schema\/logo\/image\/","url":"https:\/\/i0.wp.com\/velabarocca.it\/wp-content\/uploads\/2024\/04\/cropped-LOGO-NOTO-SITO.png?fit=776%2C776&ssl=1","contentUrl":"https:\/\/i0.wp.com\/velabarocca.it\/wp-content\/uploads\/2024\/04\/cropped-LOGO-NOTO-SITO.png?fit=776%2C776&ssl=1","width":776,"height":776,"caption":"Vela Barocca Casa Vacanze"},"image":{"@id":"https:\/\/velabarocca.it\/#\/schema\/logo\/image\/"},"sameAs":["https:\/\/www.facebook.com\/profile.php?id=61556032606912","https:\/\/www.instagram.com\/velabaroccanoto\/"],"description":"La nostra casa vacanze si trova nella splendida citt\u00e0 di Noto, patrimonio dell'UNESCO noto per il suo straordinario stile barocco. Posizionata idealmente per esplorare le ricchezze culturali e architettoniche della Sicilia, si trova a pochi passi dalla Villa Comunale e vicino alla fermata degli autobus, garantendo facile accesso per i vostri spostamenti. Offriamo un'esperienza di soggiorno autonoma con accesso remoto, permettendo libert\u00e0 e indipendenza ai nostri ospiti. La struttura dispone di due camere quadruple speculari, ciascuna con bagno privato, arredate con cura per combinare comfort moderni e design raffinato. La cucina \u00e8 completamente equipaggiata con elettrodomestici all'avanguardia, compresa una macchina del caff\u00e8 e una piastra per cucinare, ideale per preparare pasti in autonomia. Tra i servizi offerti ci sono l'aria condizionata, WiFi ad alta velocit\u00e0, TV, e la possibilit\u00e0 di usare comandi vocali tramite Alexa per una maggiore comodit\u00e0. La nostra offerta si arricchisce di una colazione self-service, per un risveglio dolce e piacevole ogni mattina.","email":"velabarocca@gmail.com","telephone":"3467321008","legalName":"Vela Barocca","publishingPrinciples":"https:\/\/velabarocca.it\/privacy-policy-cookie-policy\/"}]}},"jetpack_sharing_enabled":true,"_links":{"self":[{"href":"https:\/\/velabarocca.it\/it\/wp-json\/wp\/v2\/pages\/2531","targetHints":{"allow":["GET"]}}],"collection":[{"href":"https:\/\/velabarocca.it\/it\/wp-json\/wp\/v2\/pages"}],"about":[{"href":"https:\/\/velabarocca.it\/it\/wp-json\/wp\/v2\/types\/page"}],"author":[{"embeddable":true,"href":"https:\/\/velabarocca.it\/it\/wp-json\/wp\/v2\/users\/1"}],"replies":[{"embeddable":true,"href":"https:\/\/velabarocca.it\/it\/wp-json\/wp\/v2\/comments?post=2531"}],"version-history":[{"count":19,"href":"https:\/\/velabarocca.it\/it\/wp-json\/wp\/v2\/pages\/2531\/revisions"}],"predecessor-version":[{"id":10220,"href":"https:\/\/velabarocca.it\/it\/wp-json\/wp\/v2\/pages\/2531\/revisions\/10220"}],"wp:featuredmedia":[{"embeddable":true,"href":"https:\/\/velabarocca.it\/it\/wp-json\/wp\/v2\/media\/9336"}],"wp:attachment":[{"href":"https:\/\/velabarocca.it\/it\/wp-json\/wp\/v2\/media?parent=2531"}],"curies":[{"name":"wp","href":"https:\/\/api.w.org\/{rel}","templated":true}]}}